{"id":97,"date":"2024-12-14T09:24:44","date_gmt":"2024-12-14T08:24:44","guid":{"rendered":"https:\/\/gravuraffe.de\/index.php\/home\/"},"modified":"2024-12-16T01:19:15","modified_gmt":"2024-12-16T00:19:15","slug":"home","status":"publish","type":"page","link":"https:\/\/gravuraffe.de\/","title":{"rendered":"HomeWillkommen bei Gravuraffe"},"content":{"rendered":"<h2 class=\"wp-block-heading\"><\/h2><p>Sch\u00f6n, dass du da bist!<\/p><p>Mach es dir gem\u00fctlich, zieh die Schuhe aus und f\u00fchl dich ganz wie zuhause. Bei uns geht es entspannt zu \u2013 wir m\u00f6chten, dass du dir die Zeit nimmst, die du brauchst, um deine Ideen zu verwirklichen.<\/p><p>Bei <strong>Gravuraffe<\/strong> dreht sich alles um dich und deine W\u00fcnsche. Ob du schon ein klares Motiv vor Augen hast oder noch nach Inspiration suchst: Wir sind hier, um gemeinsam mit dir besondere, personalisierte Gravuren zu gestalten. Keine Eile, kein Druck \u2013 denn deine Zufriedenheit steht f\u00fcr uns an erster Stelle.<\/p><p>St\u00f6bere in Ruhe, lass dich inspirieren und lass uns wissen, wie wir deine Ideen umsetzen k\u00f6nnen. Wir freuen uns darauf, mit dir gemeinsam etwas Einzigartiges zu schaffen.<\/p><p><strong>Willkommen zuhause bei Gravuraffe!<\/strong><\/p>","protected":false},"excerpt":{"rendered":"<p>Sch\u00f6n, dass du da bist! Mach es dir gem\u00fctlich, zieh die Schuhe aus und f\u00fchl dich ganz wie zuhause. Bei uns geht es entspannt zu \u2013 wir m\u00f6chten, dass du dir die Zeit nimmst, die du brauchst, um deine Ideen zu verwirklichen. Bei Gravuraffe dreht sich alles um dich und deine W\u00fcnsche. Ob du schon [&hellip;]<\/p>\n","protected":false},"author":1,"featured_media":0,"parent":0,"menu_order":0,"comment_status":"closed","ping_status":"closed","template":"templates\/template-homepage.php","meta":{"footnotes":""},"class_list":["post-97","page","type-page","status-publish","hentry"],"_links":{"self":[{"href":"https:\/\/gravuraffe.de\/index.php\/wp-json\/wp\/v2\/pages\/97","targetHints":{"allow":["GET"]}}],"collection":[{"href":"https:\/\/gravuraffe.de\/index.php\/wp-json\/wp\/v2\/pages"}],"about":[{"href":"https:\/\/gravuraffe.de\/index.php\/wp-json\/wp\/v2\/types\/page"}],"author":[{"embeddable":true,"href":"https:\/\/gravuraffe.de\/index.php\/wp-json\/wp\/v2\/users\/1"}],"replies":[{"embeddable":true,"href":"https:\/\/gravuraffe.de\/index.php\/wp-json\/wp\/v2\/comments?post=97"}],"version-history":[{"count":2,"href":"https:\/\/gravuraffe.de\/index.php\/wp-json\/wp\/v2\/pages\/97\/revisions"}],"predecessor-version":[{"id":138,"href":"https:\/\/gravuraffe.de\/index.php\/wp-json\/wp\/v2\/pages\/97\/revisions\/138"}],"wp:attachment":[{"href":"https:\/\/gravuraffe.de\/index.php\/wp-json\/wp\/v2\/media?parent=97"}],"curies":[{"name":"wp","href":"https:\/\/api.w.org\/{rel}","templated":true}]}}